{"id":1274,"date":"2026-04-26T04:41:42","date_gmt":"2026-04-26T04:41:42","guid":{"rendered":"https:\/\/estancohospitalet6.com\/?page_id=1274"},"modified":"2026-04-26T04:41:42","modified_gmt":"2026-04-26T04:41:42","slug":"preguntas","status":"publish","type":"page","link":"https:\/\/estancohospitalet6.com\/ca\/preguntas\/","title":{"rendered":"Preguntas frequentes"},"content":{"rendered":"\n<h2 class=\"wp-block-heading\" id=\"dnde-est-estancohospitalet6\">\u00bfD\u00f3nde est\u00e1 estancohospitalet6?<\/h2>\n\n\n\n<p>Estamos en&nbsp;<strong>Carrer de Marcel\u00b7l\u00ed Esquius, 10, 4-2, 08906, L&#8217;Hospitalet de Llobregat, Barcelona<\/strong>. Si buscas un estanco en Hospitalet 08906, nuestra ubicaci\u00f3n es una referencia \u00fatil para clientes de la zona.<\/p>\n\n\n\n<h2 class=\"wp-block-heading\" id=\"cul-es-la-direccin-completa-del-negocio\">\u00bfCu\u00e1l es la direcci\u00f3n completa del negocio?<\/h2>\n\n\n\n<p>La direcci\u00f3n del negocio es&nbsp;<strong>Carrer Marcel-li Esquius 10, Hospitalet de Llobregat (08906), Barcelona, Espa\u00f1a<\/strong>. Conviene mantener esta informaci\u00f3n exactamente igual en la web y en los perfiles locales para reforzar la coherencia del negocio.<\/p>\n\n\n\n<h2 class=\"wp-block-heading\" id=\"qu-productos-puedo-encontrar-en-estancohospitalet6\">\u00bfQu\u00e9 productos puedo encontrar en estancohospitalet6?<\/h2>\n\n\n\n<p>En estancohospitalet6 puedes encontrar productos habituales de estanco y art\u00edculos para fumador. La web debe mostrar estas categor\u00edas de forma clara, porque las FAQ localizadas funcionan mejor cuando responden a dudas reales sobre productos y servicios.<\/p>\n\n\n\n<h2 class=\"wp-block-heading\" id=\"es-un-estanco-en-lhospitalet-de-llobregat\">\u00bfEs un estanco en L\u2019Hospitalet de Llobregat?<\/h2>\n\n\n\n<p>S\u00ed, estancohospitalet6 est\u00e1 ubicado en&nbsp;<strong>L\u2019Hospitalet de Llobregat<\/strong>, Barcelona. Incluir la ciudad y el c\u00f3digo postal de forma natural en la p\u00e1gina ayuda a reforzar la relevancia local de la web.<\/p>\n\n\n\n<h2 class=\"wp-block-heading\" id=\"puedo-encontrar-un-estanco-cerca-de-08906\">\u00bfPuedo encontrar un estanco cerca de 08906?<\/h2>\n\n\n\n<p>S\u00ed, estancohospitalet6 est\u00e1 orientado precisamente a b\u00fasquedas locales relacionadas con&nbsp;<strong>Hospitalet 08906<\/strong>. Las FAQ locales pueden captar consultas largas y de proximidad cuando conectan direcci\u00f3n, servicio y zona de forma natural.<\/p>\n\n\n\n<h2 class=\"wp-block-heading\" id=\"qu-informacin-debera-consultar-antes-de-visitar-la\">\u00bfQu\u00e9 informaci\u00f3n deber\u00eda consultar antes de visitar la tienda?<\/h2>\n\n\n\n<p>Antes de venir, es recomendable revisar la direcci\u00f3n, el horario actualizado y los datos de contacto. Las p\u00e1ginas de FAQ y contacto deben facilitar este tipo de informaci\u00f3n porque ayudan tanto al usuario como al posicionamiento local.<\/p>\n\n\n\n<h2 class=\"wp-block-heading\" id=\"cmo-puedo-contactar-con-estancohospitalet6\">\u00bfC\u00f3mo puedo contactar con estancohospitalet6?<\/h2>\n\n\n\n<p>Puedes contactar a trav\u00e9s de la p\u00e1gina de contacto de la web o mediante los datos de contacto que figuren en el sitio. Elementor recomienda a\u00f1adir un bloque de contacto claro al final de la p\u00e1gina FAQ para los usuarios que no encuentren la respuesta que necesitan.<a rel=\"noreferrer noopener\" target=\"_blank\" href=\"https:\/\/elementor.com\/blog\/best-faq-page-examples-templates\/\"><\/a><\/p>\n\n\n\n<p><\/p>\n","protected":false},"excerpt":{"rendered":"<p>\u00bfD\u00f3nde est\u00e1 estancohospitalet6? Estamos en&nbsp;Carrer de Marcel\u00b7l\u00ed Esquius, 10, 4-2, 08906, L&#8217;Hospitalet de Llobregat, Barcelona. Si buscas un estanco en Hospitalet 08906, nuestra ubicaci\u00f3n es una referencia \u00fatil para clientes de la zona. \u00bfCu\u00e1l es la direcci\u00f3n completa del negocio? La direcci\u00f3n del negocio es&nbsp;Carrer Marcel-li Esquius 10, Hospitalet de Llobregat (08906), Barcelona, Espa\u00f1a. Conviene [&hellip;]<\/p>\n","protected":false},"author":1,"featured_media":0,"parent":0,"menu_order":0,"comment_status":"closed","ping_status":"closed","template":"","meta":{"_uag_custom_page_level_css":"","site-sidebar-layout":"default","site-content-layout":"","ast-site-content-layout":"default","site-content-style":"default","site-sidebar-style":"default","ast-global-header-display":"","ast-banner-title-visibility":"","ast-main-header-display":"","ast-hfb-above-header-display":"","ast-hfb-below-header-display":"","ast-hfb-mobile-header-display":"","site-post-title":"","ast-breadcrumbs-content":"","ast-featured-img":"","footer-sml-layout":"","ast-disable-related-posts":"","theme-transparent-header-meta":"","adv-header-id-meta":"","stick-header-meta":"","header-above-stick-meta":"","header-main-stick-meta":"","header-below-stick-meta":"","astra-migrate-meta-layouts":"set","ast-page-background-enabled":"default","ast-page-background-meta":{"desktop":{"background-color":"var(--ast-global-color-4)","background-image":"","background-repeat":"repeat","background-position":"center center","background-size":"auto","background-attachment":"scroll","background-type":"","background-media":"","overlay-type":"","overlay-color":"","overlay-opacity":"","overlay-gradient":""},"tablet":{"background-color":"","background-image":"","background-repeat":"repeat","background-position":"center center","background-size":"auto","background-attachment":"scroll","background-type":"","background-media":"","overlay-type":"","overlay-color":"","overlay-opacity":"","overlay-gradient":""},"mobile":{"background-color":"","background-image":"","background-repeat":"repeat","background-position":"center center","background-size":"auto","background-attachment":"scroll","background-type":"","background-media":"","overlay-type":"","overlay-color":"","overlay-opacity":"","overlay-gradient":""}},"ast-content-background-meta":{"desktop":{"background-color":"var(--ast-global-color-5)","background-image":"","background-repeat":"repeat","background-position":"center center","background-size":"auto","background-attachment":"scroll","background-type":"","background-media":"","overlay-type":"","overlay-color":"","overlay-opacity":"","overlay-gradient":""},"tablet":{"background-color":"var(--ast-global-color-5)","background-image":"","background-repeat":"repeat","background-position":"center center","background-size":"auto","background-attachment":"scroll","background-type":"","background-media":"","overlay-type":"","overlay-color":"","overlay-opacity":"","overlay-gradient":""},"mobile":{"background-color":"var(--ast-global-color-5)","background-image":"","background-repeat":"repeat","background-position":"center center","background-size":"auto","background-attachment":"scroll","background-type":"","background-media":"","overlay-type":"","overlay-color":"","overlay-opacity":"","overlay-gradient":""}},"footnotes":""},"class_list":["post-1274","page","type-page","status-publish","hentry"],"aioseo_notices":[],"_hostinger_reach_plugin_has_subscription_block":false,"_hostinger_reach_plugin_is_elementor":false,"uagb_featured_image_src":{"full":false,"thumbnail":false,"medium":false,"medium_large":false,"large":false,"1536x1536":false,"2048x2048":false},"uagb_author_info":{"display_name":"estancohospitalet6@hotmail.com","author_link":"https:\/\/estancohospitalet6.com\/ca\/author\/estancohospitalet6hotmail-com\/"},"uagb_comment_info":0,"uagb_excerpt":"\u00bfD\u00f3nde est\u00e1 estancohospitalet6? Estamos en&nbsp;Carrer de Marcel\u00b7l\u00ed Esquius, 10, 4-2, 08906, L&#8217;Hospitalet de Llobregat, Barcelona. Si buscas un estanco en Hospitalet 08906, nuestra ubicaci\u00f3n es una referencia \u00fatil para clientes de la zona. \u00bfCu\u00e1l es la direcci\u00f3n completa del negocio? La direcci\u00f3n del negocio es&nbsp;Carrer Marcel-li Esquius 10, Hospitalet de Llobregat (08906), Barcelona, Espa\u00f1a. Conviene&hellip;","_links":{"self":[{"href":"https:\/\/estancohospitalet6.com\/ca\/wp-json\/wp\/v2\/pages\/1274","targetHints":{"allow":["GET"]}}],"collection":[{"href":"https:\/\/estancohospitalet6.com\/ca\/wp-json\/wp\/v2\/pages"}],"about":[{"href":"https:\/\/estancohospitalet6.com\/ca\/wp-json\/wp\/v2\/types\/page"}],"author":[{"embeddable":true,"href":"https:\/\/estancohospitalet6.com\/ca\/wp-json\/wp\/v2\/users\/1"}],"replies":[{"embeddable":true,"href":"https:\/\/estancohospitalet6.com\/ca\/wp-json\/wp\/v2\/comments?post=1274"}],"version-history":[{"count":1,"href":"https:\/\/estancohospitalet6.com\/ca\/wp-json\/wp\/v2\/pages\/1274\/revisions"}],"predecessor-version":[{"id":1275,"href":"https:\/\/estancohospitalet6.com\/ca\/wp-json\/wp\/v2\/pages\/1274\/revisions\/1275"}],"wp:attachment":[{"href":"https:\/\/estancohospitalet6.com\/ca\/wp-json\/wp\/v2\/media?parent=1274"}],"curies":[{"name":"wp","href":"https:\/\/api.w.org\/{rel}","templated":true}]}}