{"id":27,"date":"2026-03-09T16:03:36","date_gmt":"2026-03-09T16:03:36","guid":{"rendered":"http:\/\/estancohospitalet6.com\/home\/"},"modified":"2026-04-26T05:00:25","modified_gmt":"2026-04-26T05:00:25","slug":"home","status":"publish","type":"page","link":"https:\/\/estancohospitalet6.com\/ca\/","title":{"rendered":"Home"},"content":{"rendered":"\n<div class=\"wp-block-uagb-container uagb-block-ede7e72a alignfull uagb-is-root-container\"><div class=\"uagb-container__shape uagb-container__shape-bottom uagb-container__shape-above-content uagb-container__invert\" data-negative=\"false\"><svg xmlns=\"https:\/\/www.w3.org\/2000\/svg\" viewBox=\"0 0 937.5 120\" preserveAspectRatio=\"none\"><path class=\"uagb-container__shape-fill\" d=\"M937,129.8V-0.1H0v129.9C0,62.6,209.6,8.2,468.4,8.2S936.9,62.6,937,129.8z\"><\/path><\/svg><\/div><div class=\"uagb-container-inner-blocks-wrap\">\n<div class=\"wp-block-uagb-info-box uagb-block-c710f8d3 uagb-infobox__content-wrap  uagb-infobox-icon-above-title uagb-infobox-image-valign-top wp-block-uagb-info-box--has-margin\"><div class=\"uagb-infobox-margin-wrapper\"><div class=\"uagb-ifb-content\"><div class=\"uagb-ifb-title-wrap\"><h1 class=\"uagb-ifb-title\">Estanco Hospitalet 6 en L\u2019Hospitalet de Llobregat<\/h1><\/div><p class=\"uagb-ifb-desc\">Tu estanco de confianza en Carrer de Marcel\u00b7l\u00ed Esquius, 10, 08906. Encuentra tabaco, accesorios para fumador, papel de fumar, filtros, mecheros, pitilleras, regalos y atenci\u00f3n cercana en un punto de venta c\u00f3modo y bien ubicado.<\/p><\/div><\/div><\/div>\n\n\n\n<div class=\"wp-block-uagb-buttons uagb-buttons__outer-wrap uagb-btn__default-btn uagb-btn-tablet__default-btn uagb-btn-mobile__default-btn uagb-block-e3fa637c\"><div class=\"uagb-buttons__wrap uagb-buttons-layout-wrap \">\n<div class=\"wp-block-uagb-buttons-child uagb-buttons__outer-wrap uagb-block-ed2bfd62 wp-block-button\"><div class=\"uagb-button__wrapper\"><a class=\"uagb-buttons-repeater wp-block-button__link\" aria-label=\"\" href=\"#\" rel=\"follow noopener\" target=\"_self\" role=\"button\"><div class=\"uagb-button__link\">Como llegar<\/div><\/a><\/div><\/div>\n<\/div><\/div>\n<\/div><\/div>\n\n\n\n<div id=\"about\" class=\"wp-block-uagb-container uagb-block-5f08c9e2 alignfull uagb-is-root-container\"><div class=\"uagb-container-inner-blocks-wrap\">\n<div class=\"wp-block-group is-nowrap is-layout-flex wp-container-core-group-is-layout-6c531013 wp-block-group-is-layout-flex\">\n<div class=\"wp-block-uagb-container uagb-block-0aa95e83\">\n<div class=\"wp-block-uagb-advanced-heading uagb-block-1a63eb65\"><h2 class=\"uagb-heading-text\">Bienvenido a estanco hospitalet 6<\/h2><p class=\"uagb-desc-text\">En estancohospitalet6 trabajamos para ofrecer una compra r\u00e1pida, c\u00f3moda y cercana. Queremos que encuentres tus productos habituales y accesorios en un entorno bien organizado, con atenci\u00f3n profesional y una ubicaci\u00f3n pr\u00e1ctica en L\u2019Hospitalet de Llobregat.<\/p><\/div>\n\n\n\n<div class=\"wp-block-uagb-info-box uagb-block-9760b8d9 uagb-infobox__content-wrap  uagb-infobox-icon-left uagb-infobox-left uagb-infobox-image-valign-top\"><div class=\"uagb-ifb-icon-wrap\"><div class=\"uagb-iconbox-icon-wrap uagb-infobox-shape-circle\"><svg xmlns=\"https:\/\/www.w3.org\/2000\/svg\" viewBox=\"0 0 576 512\"><path d=\"M511.8 287.6L512.5 447.7C512.6 483.2 483.9 512 448.5 512H128.1C92.75 512 64.09 483.3 64.09 448V287.6H32.05C14.02 287.6 0 273.5 0 255.5C0 246.5 3.004 238.5 10.01 231.5L266.4 8.016C273.4 1.002 281.4 0 288.4 0C295.4 0 303.4 2.004 309.5 7.014L416 100.7V64C416 46.33 430.3 32 448 32H480C497.7 32 512 46.33 512 64V185L564.8 231.5C572.8 238.5 576.9 246.5 575.8 255.5C575.8 273.5 560.8 287.6 543.8 287.6L511.8 287.6zM400 248C400 239.2 392.8 232 384 232H328V176C328 167.2 320.8 160 312 160H264C255.2 160 248 167.2 248 176V232H192C183.2 232 176 239.2 176 248V296C176 304.8 183.2 312 192 312H248V368C248 376.8 255.2 384 264 384H312C320.8 384 328 376.8 328 368V312H384C392.8 312 400 304.8 400 296V248z\"><\/path><\/svg><\/div><\/div><div class=\"uagb-ifb-content\"><div class=\"uagb-ifb-title-wrap\"><h5 class=\"uagb-ifb-title\">Estanco cerca de ti<\/h5><\/div><p class=\"uagb-ifb-desc\">Estamos en una ubicaci\u00f3n c\u00f3moda para clientes de Hospitalet que buscan resolver su compra del d\u00eda a d\u00eda con rapidez.<\/p><\/div><\/div>\n\n\n\n<div class=\"wp-block-uagb-info-box uagb-block-9e0bd72a uagb-infobox__content-wrap  uagb-infobox-icon-left uagb-infobox-left uagb-infobox-image-valign-top\"><div class=\"uagb-ifb-icon-wrap\"><div class=\"uagb-iconbox-icon-wrap uagb-infobox-shape-circle\"><svg xmlns=\"https:\/\/www.w3.org\/2000\/svg\" viewBox=\"0 0 576 512\"><path d=\"M272 0C298.5 0 320 21.49 320 48V367.8C281.8 389.2 256 430 256 476.9C256 489.8 259.6 501.8 265.9 512H48C21.49 512 0 490.5 0 464V384H144C152.8 384 160 376.8 160 368C160 359.2 152.8 352 144 352H0V288H144C152.8 288 160 280.8 160 272C160 263.2 152.8 256 144 256H0V48C0 21.49 21.49 0 48 0H272zM152 64C143.2 64 136 71.16 136 80V104H112C103.2 104 96 111.2 96 120V136C96 144.8 103.2 152 112 152H136V176C136 184.8 143.2 192 152 192H168C176.8 192 184 184.8 184 176V152H208C216.8 152 224 144.8 224 136V120C224 111.2 216.8 104 208 104H184V80C184 71.16 176.8 64 168 64H152zM512 272C512 316.2 476.2 352 432 352C387.8 352 352 316.2 352 272C352 227.8 387.8 192 432 192C476.2 192 512 227.8 512 272zM288 477.1C288 425.7 329.7 384 381.1 384H482.9C534.3 384 576 425.7 576 477.1C576 496.4 560.4 512 541.1 512H322.9C303.6 512 288 496.4 288 477.1V477.1z\"><\/path><\/svg><\/div><\/div><div class=\"uagb-ifb-content\"><div class=\"uagb-ifb-title-wrap\"><h5 class=\"uagb-ifb-title\">Atenci\u00f3n cercana<\/h5><\/div><p class=\"uagb-ifb-desc\">Apostamos por un trato directo, claro y profesional para ayudarte a encontrar lo que necesitas.<\/p><\/div><\/div>\n\n\n\n<div class=\"wp-block-uagb-buttons uagb-buttons__outer-wrap uagb-btn__default-btn uagb-btn-tablet__default-btn uagb-btn-mobile__default-btn uagb-block-5bedb3ef\"><div class=\"uagb-buttons__wrap uagb-buttons-layout-wrap \"><\/div><\/div>\n<\/div>\n\n\n\n<figure class=\"wp-block-image size-large\"><img loading=\"lazy\" decoding=\"async\" width=\"1024\" height=\"765\" src=\"https:\/\/estancohospitalet6.com\/wp-content\/uploads\/2026\/04\/07e9f8b9-9dcb-4d9e-a5a3-d934c84214a9-1024x765.png\" alt=\"\" class=\"wp-image-1290\" srcset=\"https:\/\/estancohospitalet6.com\/wp-content\/uploads\/2026\/04\/07e9f8b9-9dcb-4d9e-a5a3-d934c84214a9-1024x765.png 1024w, https:\/\/estancohospitalet6.com\/wp-content\/uploads\/2026\/04\/07e9f8b9-9dcb-4d9e-a5a3-d934c84214a9-300x224.png 300w, https:\/\/estancohospitalet6.com\/wp-content\/uploads\/2026\/04\/07e9f8b9-9dcb-4d9e-a5a3-d934c84214a9-768x573.png 768w, https:\/\/estancohospitalet6.com\/wp-content\/uploads\/2026\/04\/07e9f8b9-9dcb-4d9e-a5a3-d934c84214a9.png 1200w\" sizes=\"auto, (max-width: 1024px) 100vw, 1024px\" \/><\/figure>\n<\/div>\n<\/div><\/div>\n\n\n\n<div class=\"wp-block-uagb-container uagb-block-2a731c54 alignfull uagb-is-root-container\"><div class=\"uagb-container-inner-blocks-wrap\">\n<div class=\"wp-block-uagb-container uagb-block-4281e789\">\n<div class=\"wp-block-uagb-info-box uagb-block-f9450c59 uagb-infobox__content-wrap  uagb-infobox-icon-above-title uagb-infobox-image-valign-top wp-block-uagb-info-box--has-margin\"><div class=\"uagb-infobox-margin-wrapper\"><div class=\"uagb-ifb-content\"><div class=\"uagb-ifb-title-wrap\"><h2 class=\"uagb-ifb-title-prefix\">Comprometidos con un servicio cercano<\/h2><h6 class=\"uagb-ifb-title\">Variedad, comodidad y atenci\u00f3n en cada visita<\/h6><\/div><p class=\"uagb-ifb-desc\">Nuestro objetivo es que puedas encontrar en un mismo espacio los productos habituales de un estanco y una selecci\u00f3n cuidada de accesorios. Trabajamos para que cada visita sea pr\u00e1ctica, r\u00e1pida y c\u00f3moda.<br><br>Adem\u00e1s de la atenci\u00f3n presencial, la web debe ayudarte a localizar la tienda, conocer mejor el negocio y encontrar informaci\u00f3n \u00fatil antes de venir.<\/p><\/div><\/div><\/div>\n<\/div>\n<\/div><\/div>\n\n\n\n<div id=\"services\" class=\"wp-block-uagb-container uagb-block-87240bf6 alignfull uagb-is-root-container\"><div class=\"uagb-container-inner-blocks-wrap\">\n<div class=\"wp-block-uagb-advanced-heading uagb-block-a117d91d\"><h2 class=\"uagb-heading-text\">Todo lo que necesitas en un solo estanco<\/h2><p class=\"uagb-desc-text\">\u00a0Productos y atenci\u00f3n pensados para tu d\u00eda a d\u00eda<\/p><\/div>\n\n\n\n<div class=\"wp-block-uagb-container uagb-block-ae4671e8\">\n<div class=\"wp-block-uagb-container uagb-block-e3bf698d\">\n<div class=\"wp-block-uagb-info-box uagb-block-cb683c19 uagb-infobox__content-wrap  uagb-infobox-icon-above-title uagb-infobox-image-valign-top wp-block-uagb-info-box--has-margin\"><div class=\"uagb-infobox-margin-wrapper\"><div class=\"uagb-ifb-content\"><div class=\"uagb-ifb-icon-wrap\"><svg xmlns=\"https:\/\/www.w3.org\/2000\/svg\" viewBox=\"0 0 384 512\"><path d=\"M336 0h-288C21.49 0 0 21.49 0 48v416C0 490.5 21.49 512 48 512h288c26.51 0 48-21.49 48-48v-416C384 21.49 362.5 0 336 0zM192 160c35.35 0 64 28.65 64 64s-28.65 64-64 64S128 259.3 128 224S156.7 160 192 160zM288 416H96c-8.836 0-16-7.164-16-16C80 355.8 115.8 320 160 320h64c44.18 0 80 35.82 80 80C304 408.8 296.8 416 288 416zM240 96h-96C135.2 96 128 88.84 128 80S135.2 64 144 64h96C248.8 64 256 71.16 256 80S248.8 96 240 96z\"><\/path><\/svg><\/div><div class=\"uagb-ifb-title-wrap\"><h5 class=\"uagb-ifb-title\">Accesorios para fumador<\/h5><\/div><p class=\"uagb-ifb-desc\">Papel de fumar, filtros, mecheros y otros accesorios habituales para una compra r\u00e1pida y completa.<\/p><\/div><\/div><\/div>\n<\/div>\n\n\n\n<div class=\"wp-block-uagb-container uagb-block-9d823cda\">\n<div class=\"wp-block-uagb-info-box uagb-block-fdf85cc5 uagb-infobox__content-wrap  uagb-infobox-icon-above-title uagb-infobox-image-valign-top wp-block-uagb-info-box--has-margin\"><div class=\"uagb-infobox-margin-wrapper\"><div class=\"uagb-ifb-content\"><div class=\"uagb-ifb-icon-wrap\"><svg xmlns=\"https:\/\/www.w3.org\/2000\/svg\" viewBox=\"0 0 512 512\"><path d=\"M0 256C0 114.6 114.6 0 256 0C397.4 0 512 114.6 512 256C512 397.4 397.4 512 256 512C114.6 512 0 397.4 0 256zM399.3 360H344V400H352C375.8 400 395.5 382.7 399.3 360zM352 304H344V344H399.3C395.5 321.3 375.8 304 352 304zM328 344V304H264V344H328zM328 400V360H264V400H328zM184 304V344H248V304H184zM184 360V400H248V360H184zM168 344V304H160C136.2 304 116.5 321.3 112.7 344H168zM168 400V360H112.7C116.5 382.7 136.2 400 160 400H168zM176.4 176C158.7 176 144.4 190.3 144.4 208C144.4 225.7 158.7 240 176.4 240C194 240 208.4 225.7 208.4 208C208.4 190.3 194 176 176.4 176zM336.4 240C354 240 368.4 225.7 368.4 208C368.4 190.3 354 176 336.4 176C318.7 176 304.4 190.3 304.4 208C304.4 225.7 318.7 240 336.4 240z\"><\/path><\/svg><\/div><div class=\"uagb-ifb-title-wrap\"><h5 class=\"uagb-ifb-title\">Productos actuales<\/h5><\/div><p class=\"uagb-ifb-desc\">Espacio orientado a clientes que buscan opciones actuales y una experiencia de compra pr\u00e1ctica.<\/p><\/div><\/div><\/div>\n<\/div>\n\n\n\n<div class=\"wp-block-uagb-container uagb-block-805e2fbd\">\n<div class=\"wp-block-uagb-info-box uagb-block-d453df60 uagb-infobox__content-wrap  uagb-infobox-icon-above-title uagb-infobox-image-valign-top wp-block-uagb-info-box--has-margin\"><div class=\"uagb-infobox-margin-wrapper\"><div class=\"uagb-ifb-content\"><div class=\"uagb-ifb-icon-wrap\"><svg xmlns=\"https:\/\/www.w3.org\/2000\/svg\" viewBox=\"0 0 640 512\"><path d=\"M334.6 217.4l-30 27.49C264 282.1 217.8 256.8 202.9 240.6C176 211.2 178.1 165.7 207.3 138.9L289.1 64H282.5C224.7 64 169.1 86.95 128.2 127.8L32 128.1c-17.6 0-32 14.39-32 31.98v159.8c0 17.59 14.4 32.04 31.1 32.04l114.3-.0604l90.5 81.82c27.5 22.37 67.75 18.11 90-9.255l18.12 15.25c15.88 12.1 39.38 10.5 52.38-5.369l31.38-38.6l5.374 4.498c13.75 11 33.88 9.002 45-4.748l9.576-11.83c11.08-13.7 8.979-33.75-4.701-44.86L334.6 217.4zM608 128.1l-96-.1257c-40.98-40.96-96.56-63.88-154.5-63.88L348.9 64c-8 0-15.62 3.197-21.62 8.568L229 162.3C228.9 162.5 228.8 162.7 228.8 162.7C212 178.5 212.4 203.3 226.6 218.7c9.625 10.5 35 21.62 56.13 2.75c0-.125 .25-.125 .375-.25l80-73.1c6.5-5.871 16.62-5.496 22.62 1s5.5 16.62-1 22.62l-26.12 23.87l145.6 118.1c12.12 9.992 19.5 23.49 22.12 37.98L608 351.7c17.6 0 32-14.38 32-31.98V160.1C640 142.4 625.7 128.1 608 128.1z\"><\/path><\/svg><\/div><div class=\"uagb-ifb-title-wrap\"><h5 class=\"uagb-ifb-title\">Compra de confianza<\/h5><\/div><p class=\"uagb-ifb-desc\">Atenci\u00f3n cercana, informaci\u00f3n clara y una tienda organizada para facilitar cada visita.<\/p><\/div><\/div><\/div>\n<\/div>\n\n\n\n<div class=\"wp-block-uagb-container uagb-block-a4e72db6\">\n<div class=\"wp-block-uagb-info-box uagb-block-d70d2cfa uagb-infobox__content-wrap  uagb-infobox-icon-above-title uagb-infobox-image-valign-top wp-block-uagb-info-box--has-margin\"><div class=\"uagb-infobox-margin-wrapper\"><div class=\"uagb-ifb-content\"><div class=\"uagb-ifb-icon-wrap\"><svg xmlns=\"https:\/\/www.w3.org\/2000\/svg\" viewBox=\"0 0 640 512\"><path d=\"M192 48C192 21.49 213.5 0 240 0H400C426.5 0 448 21.49 448 48V512H368V432C368 405.5 346.5 384 320 384C293.5 384 272 405.5 272 432V512H192V48zM312 64C303.2 64 296 71.16 296 80V104H272C263.2 104 256 111.2 256 120V136C256 144.8 263.2 152 272 152H296V176C296 184.8 303.2 192 312 192H328C336.8 192 344 184.8 344 176V152H368C376.8 152 384 144.8 384 136V120C384 111.2 376.8 104 368 104H344V80C344 71.16 336.8 64 328 64H312zM160 96V512H48C21.49 512 0 490.5 0 464V320H80C88.84 320 96 312.8 96 304C96 295.2 88.84 288 80 288H0V224H80C88.84 224 96 216.8 96 208C96 199.2 88.84 192 80 192H0V144C0 117.5 21.49 96 48 96H160zM592 96C618.5 96 640 117.5 640 144V192H560C551.2 192 544 199.2 544 208C544 216.8 551.2 224 560 224H640V288H560C551.2 288 544 295.2 544 304C544 312.8 551.2 320 560 320H640V464C640 490.5 618.5 512 592 512H480V96H592z\"><\/path><\/svg><\/div><div class=\"uagb-ifb-title-wrap\"><h5 class=\"uagb-ifb-title\">Ubicaci\u00f3n c\u00f3moda<\/h5><\/div><p class=\"uagb-ifb-desc\">Estamos en L\u2019Hospitalet, en una zona accesible para clientes que buscan proximidad y rapidez.<\/p><\/div><\/div><\/div>\n<\/div>\n<\/div>\n<\/div><\/div>\n\n\n\n<div class=\"wp-block-uagb-container uagb-block-2dbc81f7 alignfull uagb-is-root-container\"><div class=\"uagb-container-inner-blocks-wrap\">\n<div class=\"wp-block-uagb-container uagb-block-37bb7327\">\n<div class=\"wp-block-uagb-info-box uagb-block-f6b7e410 uagb-infobox__content-wrap  uagb-infobox-icon-above-title uagb-infobox-image-valign-top wp-block-uagb-info-box--has-margin\"><div class=\"uagb-infobox-margin-wrapper\"><div class=\"uagb-ifb-content\"><div class=\"uagb-ifb-title-wrap\"><h6 class=\"uagb-ifb-title-prefix\">Estamos cerca de ti<\/h6><h2 class=\"uagb-ifb-title\">Tu estanco en Hospitalet para una compra r\u00e1pida y c\u00f3moda<\/h2><\/div><\/div><\/div><\/div>\n\n\n\n<div class=\"wp-block-uagb-buttons uagb-buttons__outer-wrap uagb-btn__default-btn uagb-btn-tablet__default-btn uagb-btn-mobile__default-btn uagb-block-1cd4932d\"><div class=\"uagb-buttons__wrap uagb-buttons-layout-wrap \">\n<div class=\"wp-block-uagb-buttons-child uagb-buttons__outer-wrap uagb-block-9da1e846 wp-block-button\"><div class=\"uagb-button__wrapper\"><a class=\"uagb-buttons-repeater wp-block-button__link\" aria-label=\"\" href=\"#\" rel=\"follow noopener\" target=\"_self\" role=\"button\"><div class=\"uagb-button__link\">Ven a vernos<\/div><\/a><\/div><\/div>\n<\/div><\/div>\n<\/div>\n<\/div><\/div>\n\n\n\n<div id=\"contact\" class=\"wp-block-uagb-container uagb-block-e6986976 alignfull uagb-is-root-container\"><div class=\"uagb-container__shape uagb-container__shape-bottom uagb-container__invert\" data-negative=\"false\"><svg xmlns=\"https:\/\/www.w3.org\/2000\/svg\" viewBox=\"0 0 937.5 120\" preserveAspectRatio=\"none\"><path class=\"uagb-container__shape-fill\" d=\"M937,129.8V-0.1H0v129.9C0,62.6,209.6,8.2,468.4,8.2S936.9,62.6,937,129.8z\"><\/path><\/svg><\/div><div class=\"uagb-container-inner-blocks-wrap\"><\/div><\/div>\n","protected":false},"excerpt":{"rendered":"<p>Bienvenido a estanco hospitalet 6 En estancohospitalet6 trabajamos para ofrecer una compra r\u00e1pida, c\u00f3moda y cercana. Queremos que encuentres tus productos habituales y accesorios en un entorno bien organizado, con atenci\u00f3n profesional y una ubicaci\u00f3n pr\u00e1ctica en L\u2019Hospitalet de Llobregat. Todo lo que necesitas en un solo estanco \u00a0Productos y atenci\u00f3n pensados para tu d\u00eda [&hellip;]<\/p>\n","protected":false},"author":1,"featured_media":0,"parent":0,"menu_order":0,"comment_status":"closed","ping_status":"closed","template":"","meta":{"_uag_custom_page_level_css":"","site-sidebar-layout":"default","site-content-layout":"","ast-site-content-layout":"default","site-content-style":"default","site-sidebar-style":"default","ast-global-header-display":"","ast-banner-title-visibility":"","ast-main-header-display":"","ast-hfb-above-header-display":"","ast-hfb-below-header-display":"","ast-hfb-mobile-header-display":"","site-post-title":"disabled","ast-breadcrumbs-content":"","ast-featured-img":"","footer-sml-layout":"","ast-disable-related-posts":"","theme-transparent-header-meta":"","adv-header-id-meta":"","stick-header-meta":"","header-above-stick-meta":"","header-main-stick-meta":"","header-below-stick-meta":"","astra-migrate-meta-layouts":"set","ast-page-background-enabled":"default","ast-page-background-meta":{"desktop":{"background-color":"var(--ast-global-color-4)","background-image":"","background-repeat":"repeat","background-position":"center center","background-size":"auto","background-attachment":"scroll","background-type":"","background-media":"","overlay-type":"","overlay-color":"","overlay-opacity":"","overlay-gradient":""},"tablet":{"background-color":"","background-image":"","background-repeat":"repeat","background-position":"center center","background-size":"auto","background-attachment":"scroll","background-type":"","background-media":"","overlay-type":"","overlay-color":"","overlay-opacity":"","overlay-gradient":""},"mobile":{"background-color":"","background-image":"","background-repeat":"repeat","background-position":"center center","background-size":"auto","background-attachment":"scroll","background-type":"","background-media":"","overlay-type":"","overlay-color":"","overlay-opacity":"","overlay-gradient":""}},"ast-content-background-meta":{"desktop":{"background-color":"var(--ast-global-color-5)","background-image":"","background-repeat":"repeat","background-position":"center center","background-size":"auto","background-attachment":"scroll","background-type":"","background-media":"","overlay-type":"","overlay-color":"","overlay-opacity":"","overlay-gradient":""},"tablet":{"background-color":"var(--ast-global-color-5)","background-image":"","background-repeat":"repeat","background-position":"center center","background-size":"auto","background-attachment":"scroll","background-type":"","background-media":"","overlay-type":"","overlay-color":"","overlay-opacity":"","overlay-gradient":""},"mobile":{"background-color":"var(--ast-global-color-5)","background-image":"","background-repeat":"repeat","background-position":"center center","background-size":"auto","background-attachment":"scroll","background-type":"","background-media":"","overlay-type":"","overlay-color":"","overlay-opacity":"","overlay-gradient":""}},"footnotes":""},"class_list":["post-27","page","type-page","status-publish","hentry"],"aioseo_notices":[],"_hostinger_reach_plugin_has_subscription_block":false,"_hostinger_reach_plugin_is_elementor":false,"uagb_featured_image_src":{"full":false,"thumbnail":false,"medium":false,"medium_large":false,"large":false,"1536x1536":false,"2048x2048":false},"uagb_author_info":{"display_name":"estancohospitalet6@hotmail.com","author_link":"https:\/\/estancohospitalet6.com\/ca\/author\/estancohospitalet6hotmail-com\/"},"uagb_comment_info":0,"uagb_excerpt":"Bienvenido a estanco hospitalet 6 En estancohospitalet6 trabajamos para ofrecer una compra r\u00e1pida, c\u00f3moda y cercana. Queremos que encuentres tus productos habituales y accesorios en un entorno bien organizado, con atenci\u00f3n profesional y una ubicaci\u00f3n pr\u00e1ctica en L\u2019Hospitalet de Llobregat. Todo lo que necesitas en un solo estanco \u00a0Productos y atenci\u00f3n pensados para tu d\u00eda&hellip;","_links":{"self":[{"href":"https:\/\/estancohospitalet6.com\/ca\/wp-json\/wp\/v2\/pages\/27","targetHints":{"allow":["GET"]}}],"collection":[{"href":"https:\/\/estancohospitalet6.com\/ca\/wp-json\/wp\/v2\/pages"}],"about":[{"href":"https:\/\/estancohospitalet6.com\/ca\/wp-json\/wp\/v2\/types\/page"}],"author":[{"embeddable":true,"href":"https:\/\/estancohospitalet6.com\/ca\/wp-json\/wp\/v2\/users\/1"}],"replies":[{"embeddable":true,"href":"https:\/\/estancohospitalet6.com\/ca\/wp-json\/wp\/v2\/comments?post=27"}],"version-history":[{"count":3,"href":"https:\/\/estancohospitalet6.com\/ca\/wp-json\/wp\/v2\/pages\/27\/revisions"}],"predecessor-version":[{"id":1291,"href":"https:\/\/estancohospitalet6.com\/ca\/wp-json\/wp\/v2\/pages\/27\/revisions\/1291"}],"wp:attachment":[{"href":"https:\/\/estancohospitalet6.com\/ca\/wp-json\/wp\/v2\/media?parent=27"}],"curies":[{"name":"wp","href":"https:\/\/api.w.org\/{rel}","templated":true}]}}